{"id":3748,"date":"2021-04-14T10:19:19","date_gmt":"2021-04-14T10:19:19","guid":{"rendered":"http:\/\/exportpulse.com\/staging-live\/?page_id=3748"},"modified":"2021-05-02T07:17:42","modified_gmt":"2021-05-02T07:17:42","slug":"petrochemical-energy-environment","status":"publish","type":"page","link":"https:\/\/exportpulse.com\/fr\/about\/covered-sectors\/petrochemical-energy-environment\/","title":{"rendered":"P\u00e9trochimie \/ \u00c9nergie \/ Environnement"},"content":{"rendered":"<p><section id=\"bt_bb_section69ea4587e5a37\" data-parallax=\"0.7\" data-parallax-offset=\"0\" class=\"bt_bb_section bt_bb_color_scheme_1 bt_bb_layout_boxed_1200 bt_bb_vertical_align_top bt_bb_background_image bt_bb_parallax bt_bb_top_spacing_large bt_bb_bottom_spacing_large services-banner-wrap\" style=\"background-image:url(&#039;https:\/\/exportpulse.com\/wp-content\/uploads\/2021\/04\/energy-cover.jpg&#039;);; --section-primary-color:#ffffff; --section-secondary-color:#000000;;background-color:rgb(0,80,164);\" data-bt-override-class=\"null\"><div class=\"bt_bb_port\"><div class=\"bt_bb_cell\"><div class=\"bt_bb_cell_inner\"><div class=\"bt_bb_row\"  data-bt-override-class=\"{}\"><div class=\"bt_bb_row_holder\" ><div  class=\"bt_bb_column col-xxl-12 col-xl-12 col-xs-12 col-sm-12 col-md-12 col-lg-12 bt_bb_vertical_align_middle bt_bb_align_left bt_bb_padding_normal bt_bb_animation_fade_in animate\" style=\"; --column-width:12;\" data-width=\"12\" data-bt-override-class=\"{}\"><div class=\"bt_bb_column_content\"><div class=\"bt_bb_column_content_inner\"><header class=\"bt_bb_headline bt_bb_font_weight_medium bt_bb_color_scheme_10 bt_bb_dash_none bt_bb_size_large bt_bb_align_inherit\" style=\"; --headline-primary-color:#ffffff; --headline-secondary-color:#ef4135;\" data-bt-override-class=\"{}\"><h1 class=\"bt_bb_headline_tag\"><span class=\"bt_bb_headline_content\"><span>P\u00e9trochimie \/ \u00c9nergie \/ Environnement <\/span><\/span><\/h1><\/header><\/div><\/div><\/div><\/div><\/div><\/div><\/div><\/div><\/section><section id=\"bt_bb_section69ea4587e5bb6\"  class=\"bt_bb_section bt_bb_layout_boxed_1200 bt_bb_vertical_align_top bt_bb_top_spacing_medium bt_bb_bottom_spacing_medium\"  data-bt-override-class=\"null\"><div class=\"bt_bb_port\"><div class=\"bt_bb_cell\"><div class=\"bt_bb_cell_inner\"><div class=\"bt_bb_row\"  data-bt-override-class=\"{}\"><div class=\"bt_bb_row_holder\" ><div  class=\"bt_bb_column col-xxl-12 col-xl-12 col-xs-12 col-sm-12 col-md-12 col-lg-12 bt_bb_vertical_align_top bt_bb_align_left bt_bb_padding_normal\" style=\"; --column-width:12;\" data-width=\"12\" data-bt-override-class=\"{}\"><div class=\"bt_bb_column_content\"><div class=\"bt_bb_column_content_inner\"><div class=\"bt_bb_row_inner\"   data-bt-override-class=\"{}\"><div class=\"bt_bb_row_inner_holder\"  ><div  class=\"bt_bb_column_inner col-xxl-4 col-xl-4 col-xs-12 col-sm-12 col-md-12 col-lg-4 bt_bb_vertical_align_top bt_bb_align_left bt_bb_padding_normal\"  data-width=\"4\" data-bt-override-class=\"{}\"><div class=\"bt_bb_column_inner_content\"><div class=\"bt_bb_column_inner_content_inner\"><div class=\"bt_bb_image bt_bb_shape_square bt_bb_target_self bt_bb_align_inherit bt_bb_hover_style_simple bt_bb_content_display_always bt_bb_content_align_middle\" data-bt-override-class=\"{&quot;bt_bb_align_&quot;:{&quot;current_class&quot;:&quot;bt_bb_align_inherit&quot;,&quot;def&quot;:&quot;inherit&quot;,&quot;xl&quot;:&quot;inherit&quot;}}\"><span><img loading=\"lazy\" decoding=\"async\" width=\"500\" height=\"300\" src=\"https:\/\/exportpulse.com\/wp-content\/uploads\/2021\/04\/wind-energy.jpg\" class=\"attachment-full size-full\" alt=\"https:\/\/exportpulse.com\/wp-content\/uploads\/2021\/04\/wind-energy.jpg\" data-full_image_src=\"https:\/\/exportpulse.com\/wp-content\/uploads\/2021\/04\/wind-energy.jpg\" title=\"\u00e9nergie \u00e9olienne\" srcset=\"https:\/\/exportpulse.com\/wp-content\/uploads\/2021\/04\/wind-energy.jpg 500w, https:\/\/exportpulse.com\/wp-content\/uploads\/2021\/04\/wind-energy-320x192.jpg 320w\" sizes=\"auto, (max-width: 500px) 100vw, 500px\" \/><\/span><\/div><\/div><\/div><\/div><div  class=\"bt_bb_column_inner col-xxl-8 col-xl-8 col-xs-12 col-sm-12 col-md-12 col-lg-8 bt_bb_vertical_align_top bt_bb_align_left bt_bb_padding_normal\"  data-width=\"8\" data-bt-override-class=\"{}\"><div class=\"bt_bb_column_inner_content\"><div class=\"bt_bb_column_inner_content_inner\"><div  class=\"bt_bb_text\" ><\/p>\n<p>Cluster fran\u00e7ais d\u00e9di\u00e9 aux domaines industriels de l'\u00e9nergie et des \u00e9nergies carbon\u00e9es comme  le p\u00e9trole, le gaz et des \u00e9nergies renouvelables telles que l'\u00e9olien, l'hydraulique, l'hydro\u00e9lectrique, le solaire et le stockage de l'hydrog\u00e8ne fait partie des secteurs concern\u00e9s. Ce cluster est administr\u00e9 par 100 entreprises r\u00e9gionales repr\u00e9sentant un chiffre d'affaires de 4 milliards d'euros, dont pr\u00e8s d'un milliard dans le segment Offshore, 12 000 emplois locaux, et 50% du chiffre d'affaires pour les PME est r\u00e9alis\u00e9 \u00e0 l'export et 80% pour les entreprises de taille moyenne.<\/p>\n<p>\n<\/div><\/div><\/div><\/div><\/div><\/div><div class=\"bt_bb_separator bt_bb_border_style_dashed bt_bb_top_spacing_normal bt_bb_bottom_spacing_normal\" data-bt-override-class=\"null\"><\/div><div class=\"bt_bb_row_inner\"   data-bt-override-class=\"{}\"><div class=\"bt_bb_row_inner_holder\"  ><div  class=\"bt_bb_column_inner col-xxl-4 col-xl-4 col-xs-12 col-sm-12 col-md-12 col-lg-4 bt_bb_vertical_align_top bt_bb_align_left bt_bb_padding_normal\"  data-width=\"4\" data-bt-override-class=\"{}\"><div class=\"bt_bb_column_inner_content\"><div class=\"bt_bb_column_inner_content_inner\"><div class=\"bt_bb_image bt_bb_shape_square bt_bb_target_self bt_bb_align_inherit bt_bb_hover_style_simple bt_bb_content_display_always bt_bb_content_align_middle\" data-bt-override-class=\"{&quot;bt_bb_align_&quot;:{&quot;current_class&quot;:&quot;bt_bb_align_inherit&quot;,&quot;def&quot;:&quot;inherit&quot;,&quot;xl&quot;:&quot;inherit&quot;}}\"><span><img loading=\"lazy\" decoding=\"async\" width=\"500\" height=\"300\" src=\"https:\/\/exportpulse.com\/wp-content\/uploads\/2021\/04\/oil-platform.jpg\" class=\"attachment-full size-full\" alt=\"https:\/\/exportpulse.com\/wp-content\/uploads\/2021\/04\/oil-platform.jpg\" data-full_image_src=\"https:\/\/exportpulse.com\/wp-content\/uploads\/2021\/04\/oil-platform.jpg\" title=\"Plate-forme p\u00e9troli\u00e8re\" srcset=\"https:\/\/exportpulse.com\/wp-content\/uploads\/2021\/04\/oil-platform.jpg 500w, https:\/\/exportpulse.com\/wp-content\/uploads\/2021\/04\/oil-platform-320x192.jpg 320w\" sizes=\"auto, (max-width: 500px) 100vw, 500px\" \/><\/span><\/div><\/div><\/div><\/div><div  class=\"bt_bb_column_inner col-xxl-8 col-xl-8 col-xs-12 col-sm-12 col-md-12 col-lg-8 bt_bb_vertical_align_top bt_bb_align_left bt_bb_padding_normal\"  data-width=\"8\" data-bt-override-class=\"{}\"><div class=\"bt_bb_column_inner_content\"><div class=\"bt_bb_column_inner_content_inner\"><div  class=\"bt_bb_text\" ><\/p>\n<p>Plus grand groupe fran\u00e7ais d'entreprise p\u00e9troli\u00e8re et gazi\u00e8re, avec un chiffre d'affaires de 200 milliards d'euros en 2019 et un effectif de plus de 100 000 salari\u00e9s. C'est l'un des six \"supermajors\" : c'est la cinqui\u00e8me des six plus grandes entreprises du secteur au niveau mondial. Elle est la premi\u00e8re entreprise fran\u00e7aise en termes de chiffre d'affaires en 2015, la 5e entreprise europ\u00e9enne et la 24e entreprise mondiale, ainsi que la 4e capitalisation boursi\u00e8re de la zone euro en 2015.<\/p>\n<p>\n<\/div><\/div><\/div><\/div><\/div><\/div><div class=\"bt_bb_separator bt_bb_border_style_dashed bt_bb_top_spacing_normal bt_bb_bottom_spacing_normal\" data-bt-override-class=\"null\"><\/div><div class=\"bt_bb_row_inner\"   data-bt-override-class=\"{}\"><div class=\"bt_bb_row_inner_holder\"  ><div  class=\"bt_bb_column_inner col-xxl-4 col-xl-4 col-xs-12 col-sm-12 col-md-12 col-lg-4 bt_bb_vertical_align_top bt_bb_align_left bt_bb_padding_normal\"  data-width=\"4\" data-bt-override-class=\"{}\"><div class=\"bt_bb_column_inner_content\"><div class=\"bt_bb_column_inner_content_inner\"><div class=\"bt_bb_image bt_bb_shape_square bt_bb_target_self bt_bb_align_inherit bt_bb_hover_style_simple bt_bb_content_display_always bt_bb_content_align_middle\" data-bt-override-class=\"{&quot;bt_bb_align_&quot;:{&quot;current_class&quot;:&quot;bt_bb_align_inherit&quot;,&quot;def&quot;:&quot;inherit&quot;,&quot;xl&quot;:&quot;inherit&quot;}}\"><span><img loading=\"lazy\" decoding=\"async\" width=\"500\" height=\"300\" src=\"https:\/\/exportpulse.com\/wp-content\/uploads\/2021\/04\/dam-water-release-D47BFVF.jpg\" class=\"attachment-full size-full\" alt=\"https:\/\/exportpulse.com\/wp-content\/uploads\/2021\/04\/dam-water-release-D47BFVF.jpg\" data-full_image_src=\"https:\/\/exportpulse.com\/wp-content\/uploads\/2021\/04\/dam-water-release-D47BFVF.jpg\" title=\"barrage-livraison d&#039;eau-D47BFVF\" srcset=\"https:\/\/exportpulse.com\/wp-content\/uploads\/2021\/04\/dam-water-release-D47BFVF.jpg 500w, https:\/\/exportpulse.com\/wp-content\/uploads\/2021\/04\/dam-water-release-D47BFVF-320x192.jpg 320w\" sizes=\"auto, (max-width: 500px) 100vw, 500px\" \/><\/span><\/div><\/div><\/div><\/div><div  class=\"bt_bb_column_inner col-xxl-8 col-xl-8 col-xs-12 col-sm-12 col-md-12 col-lg-8 bt_bb_vertical_align_top bt_bb_align_left bt_bb_padding_normal\"  data-width=\"8\" data-bt-override-class=\"{}\"><div class=\"bt_bb_column_inner_content\"><div class=\"bt_bb_column_inner_content_inner\"><div  class=\"bt_bb_text\" ><\/p>\n<p>Entreprise fran\u00e7aise de travaux publics, elle a r\u00e9alis\u00e9 un chiffre d'affaires de plus de 1,3 milliard d'euros. Elle intervient dans la conception, la construction, la r\u00e9habilitation et l'entretien des r\u00e9seaux et des ouvrages annexes pour tous les clients publics, industriels et priv\u00e9s. Avec plus de 9100 employ\u00e9s, elle est pr\u00e9sente dans 20 pays et compte plus de 10 000 clients.<\/p>\n<p>\n<\/div><\/div><\/div><\/div><\/div><\/div><\/div><\/div><\/div><\/div><\/div><\/div><\/div><\/div><\/section><section id=\"bt_bb_section69ea4587e6783\"  class=\"bt_bb_section bt_bb_layout_boxed_1200 bt_bb_vertical_align_top bt_bb_top_spacing_medium bt_bb_bottom_spacing_medium data-counter-sec\" style=\";background-color:rgb(0,80,164);\" data-bt-override-class=\"null\"><div class=\"bt_bb_port\"><div class=\"bt_bb_cell\"><div class=\"bt_bb_cell_inner\"><div class=\"bt_bb_row  bt_bb_hidden_xs bt_bb_hidden_ms bt_bb_hidden_sm\"  data-bt-override-class=\"{}\"><div class=\"bt_bb_row_holder\" ><div  class=\"bt_bb_column col-xxl-9 col-xl-9 bt_bb_vertical_align_top bt_bb_align_left bt_bb_padding_normal bt_bb_animation_fade_in animate\" style=\"; --column-width:9;\" data-width=\"9\" data-bt-override-class=\"{}\"><div class=\"bt_bb_column_content\"><div class=\"bt_bb_column_content_inner\"><header class=\"bt_bb_headline bt_bb_color_scheme_10 bt_bb_dash_none bt_bb_size_normal bt_bb_align_inherit\" style=\"; --headline-primary-color:#ffffff; --headline-secondary-color:#ef4135;\" data-bt-override-class=\"{}\"><h3 class=\"bt_bb_headline_tag translation-block\"><span class=\"bt_bb_headline_content\"><span><u class=\"large\"> La culture du r\u00e9sultat <\/u><\/span><\/span><\/h3><\/header><div class=\"bt_bb_separator bt_bb_border_style_none bt_bb_bottom_spacing_medium\" data-bt-override-class=\"null\"><\/div><\/div><\/div><\/div><div  class=\"bt_bb_column col-xxl-3 col-xl-3 bt_bb_vertical_align_top bt_bb_align_right bt_bb_padding_normal bt_bb_animation_fade_in animate\" style=\"; --column-width:3;\" data-width=\"3\" data-bt-override-class=\"{}\"><div class=\"bt_bb_column_content\"><div class=\"bt_bb_column_content_inner\"><div class=\"bt_bb_button bt_bb_color_scheme_10 bt_bb_icon_position_right bt_bb_style_filled bt_bb_size_normal bt_bb_width_inline bt_bb_shape_inherit bt_bb_target_self bt_bb_align_inherit\" style=\"; --primary-color:#ffffff; --secondary-color:#ef4135;\" data-bt-override-class=\"{&quot;bt_bb_size_&quot;:{&quot;current_class&quot;:&quot;bt_bb_size_normal&quot;,&quot;def&quot;:&quot;normal&quot;,&quot;xl&quot;:&quot;normal&quot;},&quot;bt_bb_align_&quot;:{&quot;current_class&quot;:&quot;bt_bb_align_inherit&quot;,&quot;def&quot;:&quot;inherit&quot;,&quot;xl&quot;:&quot;inherit&quot;}}\"><a href=\"https:\/\/exportpulse.com\/fr\/contact\/\" target=\"_self\" class=\"bt_bb_link\" title=\"Prenez rendez-vous\"><span class=\"bt_bb_button_text\" >Prenez rendez-vous<\/span><\/a><\/div><div class=\"bt_bb_separator bt_bb_border_style_none bt_bb_bottom_spacing_medium bt_bb_hidden_md bt_bb_hidden_lg\" data-bt-override-class=\"null\"><\/div><\/div><\/div><\/div><\/div><\/div><div class=\"bt_bb_row  bt_bb_hidden_md bt_bb_hidden_lg\"  data-bt-override-class=\"{}\"><div class=\"bt_bb_row_holder\" ><div  class=\"bt_bb_column col-xxl-12 col-xl-12 bt_bb_vertical_align_top bt_bb_align_left bt_bb_padding_normal bt_bb_animation_fade_in animate\" style=\"; --column-width:12;\" data-width=\"12\" data-bt-override-class=\"{}\"><div class=\"bt_bb_column_content\"><div class=\"bt_bb_column_content_inner\"><header class=\"bt_bb_headline bt_bb_color_scheme_10 bt_bb_dash_none bt_bb_size_normal bt_bb_align_inherit\" style=\"; --headline-primary-color:#ffffff; --headline-secondary-color:#ef4135;\" data-bt-override-class=\"{}\"><h3 class=\"bt_bb_headline_tag translation-block\"><span class=\"bt_bb_headline_content\"><span><u class=\"large\"> La culture du r\u00e9sultat <\/u><\/span><\/span><\/h3><\/header><div class=\"bt_bb_separator bt_bb_border_style_none bt_bb_bottom_spacing_normal\" data-bt-override-class=\"null\"><\/div><div class=\"bt_bb_button bt_bb_color_scheme_6 bt_bb_icon_position_right bt_bb_style_filled bt_bb_size_normal bt_bb_width_inline bt_bb_shape_inherit bt_bb_target_self bt_bb_align_inherit\" style=\"; --primary-color:#ffffff; --secondary-color:#0050a4;\" data-bt-override-class=\"{&quot;bt_bb_size_&quot;:{&quot;current_class&quot;:&quot;bt_bb_size_normal&quot;,&quot;def&quot;:&quot;normal&quot;,&quot;xl&quot;:&quot;normal&quot;},&quot;bt_bb_align_&quot;:{&quot;current_class&quot;:&quot;bt_bb_align_inherit&quot;,&quot;def&quot;:&quot;inherit&quot;,&quot;xl&quot;:&quot;inherit&quot;}}\"><a href=\"https:\/\/exportpulse.com\/fr\/contact\/\" target=\"_self\" class=\"bt_bb_link\" title=\"Prenez rendez-vous\"><span class=\"bt_bb_button_text\" >Prenez rendez-vous<\/span><\/a><\/div><div class=\"bt_bb_separator bt_bb_border_style_none bt_bb_bottom_spacing_medium\" data-bt-override-class=\"null\"><\/div><\/div><\/div><\/div><\/div><\/div><div class=\"bt_bb_row\"  data-bt-override-class=\"{}\"><div class=\"bt_bb_row_holder\" ><div  class=\"bt_bb_column col-xxl-2_4 col-xl-2_4 col-xs-12 col-sm-12 col-md-12 col-lg-2_4 bt_bb_vertical_align_top bt_bb_align_left bt_bb_padding_normal\" style=\"; --column-width:2.4;\" data-width=\"2.4\" data-bt-override-class=\"{}\"><div class=\"bt_bb_column_content\"><div class=\"bt_bb_column_content_inner\"><div class=\"bt_bb_counter_holder bt_bb_color_scheme_1 bt_bb_size_normal\" style=\"; --counter-primary-color:#ffffff; --counter-secondary-color:#000000;\" data-bt-override-class=\"null\"><div class=\"bt_bb_counter_icon\"><span  data-ico-dripicons=\"&#xe932;\" class=\"bt_bb_icon_holder\"><\/span><\/div><div class=\"bt_bb_counter_content\"><span class=\"bt_bb_counter animate\" data-digit-length=\"3\"><span class=\"onedigit p3 d0\" data-digit=\"+\"><span class=\"n0\"> &nbsp; <\/span><span class=\"n1\"> &nbsp; <\/span><span class=\"n2\"> &nbsp; <\/span><span class=\"n3\"> &nbsp; <\/span><span class=\"n4\"> &nbsp; <\/span><span class=\"n5\"> &nbsp; <\/span><span class=\"n6\"> &nbsp; <\/span><span class=\"n7\"> &nbsp; <\/span><span class=\"n8\"> &nbsp; <\/span><span class=\"n9\"> &nbsp; <\/span><span class=\"n0 t\">+<\/span><\/span><span class=\"onedigit p2 d2\" data-digit=\"2\"><span class=\"n0\">0<\/span><span class=\"n1\">1<\/span><span class=\"n2\">2<\/span><span class=\"n3\">3<\/span><span class=\"n4\">4<\/span><span class=\"n5\">5<\/span><span class=\"n6\">6<\/span><span class=\"n7\">7<\/span><span class=\"n8\">8<\/span><span class=\"n9\">9<\/span><span class=\"n0\">0<\/span><\/span><span class=\"onedigit p1 d5\" data-digit=\"5\"><span class=\"n0\">0<\/span><span class=\"n1\">1<\/span><span class=\"n2\">2<\/span><span class=\"n3\">3<\/span><span class=\"n4\">4<\/span><span class=\"n5\">5<\/span><span class=\"n6\">6<\/span><span class=\"n7\">7<\/span><span class=\"n8\">8<\/span><span class=\"n9\">9<\/span><span class=\"n0\">0<\/span><\/span><\/span><span class=\"bt_bb_counter_text\">Ann\u00e9es d'exp\u00e9rience <\/span><\/div><\/div><div class=\"bt_bb_separator bt_bb_border_style_none bt_bb_bottom_spacing_small\" data-bt-override-class=\"null\"><\/div><\/div><\/div><\/div><div  class=\"bt_bb_column col-xxl-2_4 col-xl-2_4 col-xs-12 col-sm-12 col-md-12 col-lg-2_4 bt_bb_vertical_align_top bt_bb_align_left bt_bb_padding_normal\" style=\"; --column-width:2.4;\" data-width=\"2.4\" data-bt-override-class=\"{}\"><div class=\"bt_bb_column_content\"><div class=\"bt_bb_column_content_inner\"><div class=\"bt_bb_counter_holder bt_bb_color_scheme_1 bt_bb_size_normal\" style=\"; --counter-primary-color:#ffffff; --counter-secondary-color:#000000;\" data-bt-override-class=\"null\"><div class=\"bt_bb_counter_icon\"><span  data-ico-dripicons=\"&#xe9c2;\" class=\"bt_bb_icon_holder\"><\/span><\/div><div class=\"bt_bb_counter_content\"><span class=\"bt_bb_counter animate\" data-digit-length=\"2\"><span class=\"onedigit p2 d2\" data-digit=\"2\"><span class=\"n0\">0<\/span><span class=\"n1\">1<\/span><span class=\"n2\">2<\/span><span class=\"n3\">3<\/span><span class=\"n4\">4<\/span><span class=\"n5\">5<\/span><span class=\"n6\">6<\/span><span class=\"n7\">7<\/span><span class=\"n8\">8<\/span><span class=\"n9\">9<\/span><span class=\"n0\">0<\/span><\/span><span class=\"onedigit p1 d7\" data-digit=\"7\"><span class=\"n0\">0<\/span><span class=\"n1\">1<\/span><span class=\"n2\">2<\/span><span class=\"n3\">3<\/span><span class=\"n4\">4<\/span><span class=\"n5\">5<\/span><span class=\"n6\">6<\/span><span class=\"n7\">7<\/span><span class=\"n8\">8<\/span><span class=\"n9\">9<\/span><span class=\"n0\">0<\/span><\/span><\/span><span class=\"bt_bb_counter_text\">Des bureaux dans le monde entier<\/span><\/div><\/div><div class=\"bt_bb_separator bt_bb_border_style_none bt_bb_bottom_spacing_small\" data-bt-override-class=\"null\"><\/div><\/div><\/div><\/div><div  class=\"bt_bb_column col-xxl-2_4 col-xl-2_4 col-xs-12 col-sm-12 col-md-12 col-lg-2_4 bt_bb_vertical_align_top bt_bb_align_left bt_bb_padding_normal\" style=\"; --column-width:2.4;\" data-width=\"2.4\" data-bt-override-class=\"{}\"><div class=\"bt_bb_column_content\"><div class=\"bt_bb_column_content_inner\"><div class=\"bt_bb_counter_holder bt_bb_color_scheme_1 bt_bb_size_normal\" style=\"; --counter-primary-color:#ffffff; --counter-secondary-color:#000000;\" data-bt-override-class=\"null\"><div class=\"bt_bb_counter_icon\"><span  data-ico-dripicons=\"&#xe956;\" class=\"bt_bb_icon_holder\"><\/span><\/div><div class=\"bt_bb_counter_content\"><span class=\"bt_bb_counter animate\" data-digit-length=\"2\"><span class=\"onedigit p2 d7\" data-digit=\"7\"><span class=\"n0\">0<\/span><span class=\"n1\">1<\/span><span class=\"n2\">2<\/span><span class=\"n3\">3<\/span><span class=\"n4\">4<\/span><span class=\"n5\">5<\/span><span class=\"n6\">6<\/span><span class=\"n7\">7<\/span><span class=\"n8\">8<\/span><span class=\"n9\">9<\/span><span class=\"n0\">0<\/span><\/span><span class=\"onedigit p1 d3\" data-digit=\"3\"><span class=\"n0\">0<\/span><span class=\"n1\">1<\/span><span class=\"n2\">2<\/span><span class=\"n3\">3<\/span><span class=\"n4\">4<\/span><span class=\"n5\">5<\/span><span class=\"n6\">6<\/span><span class=\"n7\">7<\/span><span class=\"n8\">8<\/span><span class=\"n9\">9<\/span><span class=\"n0\">0<\/span><\/span><\/span><span class=\"bt_bb_counter_text\">Pays avec une pr\u00e9sence locale<\/span><\/div><\/div><div class=\"bt_bb_separator bt_bb_border_style_none bt_bb_bottom_spacing_small\" data-bt-override-class=\"null\"><\/div><\/div><\/div><\/div><div  class=\"bt_bb_column col-xxl-2_4 col-xl-2_4 col-xs-12 col-sm-12 col-md-12 col-lg-2_4 bt_bb_vertical_align_top bt_bb_align_left bt_bb_padding_normal\" style=\"; --column-width:2.4;\" data-width=\"2.4\" data-bt-override-class=\"{}\"><div class=\"bt_bb_column_content\"><div class=\"bt_bb_column_content_inner\"><div class=\"bt_bb_counter_holder bt_bb_color_scheme_1 bt_bb_size_normal\" style=\"; --counter-primary-color:#ffffff; --counter-secondary-color:#000000;\" data-bt-override-class=\"null\"><div class=\"bt_bb_counter_icon\"><span  data-ico-fontawesome=\"&#xf1ab;\" class=\"bt_bb_icon_holder\"><\/span><\/div><div class=\"bt_bb_counter_content\"><span class=\"bt_bb_counter animate\" data-digit-length=\"4\"><span class=\"onedigit p4 d0\" data-digit=\"+\"><span class=\"n0\"> &nbsp; <\/span><span class=\"n1\"> &nbsp; <\/span><span class=\"n2\"> &nbsp; <\/span><span class=\"n3\"> &nbsp; <\/span><span class=\"n4\"> &nbsp; <\/span><span class=\"n5\"> &nbsp; <\/span><span class=\"n6\"> &nbsp; <\/span><span class=\"n7\"> &nbsp; <\/span><span class=\"n8\"> &nbsp; <\/span><span class=\"n9\"> &nbsp; <\/span><span class=\"n0 t\">+<\/span><\/span><span class=\"onedigit p3 d4\" data-digit=\"4\"><span class=\"n0\">0<\/span><span class=\"n1\">1<\/span><span class=\"n2\">2<\/span><span class=\"n3\">3<\/span><span class=\"n4\">4<\/span><span class=\"n5\">5<\/span><span class=\"n6\">6<\/span><span class=\"n7\">7<\/span><span class=\"n8\">8<\/span><span class=\"n9\">9<\/span><span class=\"n0\">0<\/span><\/span><span class=\"onedigit p2 d5\" data-digit=\"5\"><span class=\"n0\">0<\/span><span class=\"n1\">1<\/span><span class=\"n2\">2<\/span><span class=\"n3\">3<\/span><span class=\"n4\">4<\/span><span class=\"n5\">5<\/span><span class=\"n6\">6<\/span><span class=\"n7\">7<\/span><span class=\"n8\">8<\/span><span class=\"n9\">9<\/span><span class=\"n0\">0<\/span><\/span><span class=\"onedigit p1 d0\" data-digit=\"0\"><span class=\"n0\">0<\/span><span class=\"n1\">1<\/span><span class=\"n2\">2<\/span><span class=\"n3\">3<\/span><span class=\"n4\">4<\/span><span class=\"n5\">5<\/span><span class=\"n6\">6<\/span><span class=\"n7\">7<\/span><span class=\"n8\">8<\/span><span class=\"n9\">9<\/span><span class=\"n0\">0<\/span><\/span><\/span><span class=\"bt_bb_counter_text\">Collaborateurs multilingues et multiculturels<\/span><\/div><\/div><div class=\"bt_bb_separator bt_bb_border_style_none bt_bb_bottom_spacing_small\" data-bt-override-class=\"null\"><\/div><\/div><\/div><\/div><div  class=\"bt_bb_column col-xxl-2_4 col-xl-2_4 col-xs-12 col-sm-12 col-md-12 col-lg-2_4 bt_bb_vertical_align_top bt_bb_align_left bt_bb_padding_normal\" style=\"; --column-width:2.4;\" data-width=\"2.4\" data-bt-override-class=\"{}\"><div class=\"bt_bb_column_content\"><div class=\"bt_bb_column_content_inner\"><div class=\"bt_bb_counter_holder bt_bb_color_scheme_1 bt_bb_size_normal\" style=\"; --counter-primary-color:#ffffff; --counter-secondary-color:#000000;\" data-bt-override-class=\"null\"><div class=\"bt_bb_counter_icon\"><span  data-ico-dripicons=\"&#xe9b4;\" class=\"bt_bb_icon_holder\"><\/span><\/div><div class=\"bt_bb_counter_content\"><span class=\"bt_bb_counter animate\" data-digit-length=\"5\"><span class=\"onedigit p5 d0\" data-digit=\"+\"><span class=\"n0\"> &nbsp; <\/span><span class=\"n1\"> &nbsp; <\/span><span class=\"n2\"> &nbsp; <\/span><span class=\"n3\"> &nbsp; <\/span><span class=\"n4\"> &nbsp; <\/span><span class=\"n5\"> &nbsp; <\/span><span class=\"n6\"> &nbsp; <\/span><span class=\"n7\"> &nbsp; <\/span><span class=\"n8\"> &nbsp; <\/span><span class=\"n9\"> &nbsp; <\/span><span class=\"n0 t\">+<\/span><\/span><span class=\"onedigit p4 d9\" data-digit=\"9\"><span class=\"n0\">0<\/span><span class=\"n1\">1<\/span><span class=\"n2\">2<\/span><span class=\"n3\">3<\/span><span class=\"n4\">4<\/span><span class=\"n5\">5<\/span><span class=\"n6\">6<\/span><span class=\"n7\">7<\/span><span class=\"n8\">8<\/span><span class=\"n9\">9<\/span><span class=\"n0\">0<\/span><\/span><span class=\"onedigit p3 d0\" data-digit=\"0\"><span class=\"n0\">0<\/span><span class=\"n1\">1<\/span><span class=\"n2\">2<\/span><span class=\"n3\">3<\/span><span class=\"n4\">4<\/span><span class=\"n5\">5<\/span><span class=\"n6\">6<\/span><span class=\"n7\">7<\/span><span class=\"n8\">8<\/span><span class=\"n9\">9<\/span><span class=\"n0\">0<\/span><\/span><span class=\"onedigit p2 d0\" data-digit=\"0\"><span class=\"n0\">0<\/span><span class=\"n1\">1<\/span><span class=\"n2\">2<\/span><span class=\"n3\">3<\/span><span class=\"n4\">4<\/span><span class=\"n5\">5<\/span><span class=\"n6\">6<\/span><span class=\"n7\">7<\/span><span class=\"n8\">8<\/span><span class=\"n9\">9<\/span><span class=\"n0\">0<\/span><\/span><span class=\"onedigit p1 d0\" data-digit=\"0\"><span class=\"n0\">0<\/span><span class=\"n1\">1<\/span><span class=\"n2\">2<\/span><span class=\"n3\">3<\/span><span class=\"n4\">4<\/span><span class=\"n5\">5<\/span><span class=\"n6\">6<\/span><span class=\"n7\">7<\/span><span class=\"n8\">8<\/span><span class=\"n9\">9<\/span><span class=\"n0\">0<\/span><\/span><\/span><span class=\"bt_bb_counter_text\">Projets Internationaux<\/span><\/div><\/div><\/div><\/div><\/div><\/div><\/div><\/div><\/div><\/div><\/section><\/p>","protected":false},"excerpt":{"rendered":"","protected":false},"author":1,"featured_media":0,"parent":3717,"menu_order":0,"comment_status":"closed","ping_status":"closed","template":"","meta":{"_acf_changed":false,"footnotes":""},"class_list":["post-3748","page","type-page","status-publish","hentry"],"acf":[],"_links":{"self":[{"href":"https:\/\/exportpulse.com\/fr\/wp-json\/wp\/v2\/pages\/3748","targetHints":{"allow":["GET"]}}],"collection":[{"href":"https:\/\/exportpulse.com\/fr\/wp-json\/wp\/v2\/pages"}],"about":[{"href":"https:\/\/exportpulse.com\/fr\/wp-json\/wp\/v2\/types\/page"}],"author":[{"embeddable":true,"href":"https:\/\/exportpulse.com\/fr\/wp-json\/wp\/v2\/users\/1"}],"replies":[{"embeddable":true,"href":"https:\/\/exportpulse.com\/fr\/wp-json\/wp\/v2\/comments?post=3748"}],"version-history":[{"count":0,"href":"https:\/\/exportpulse.com\/fr\/wp-json\/wp\/v2\/pages\/3748\/revisions"}],"up":[{"embeddable":true,"href":"https:\/\/exportpulse.com\/fr\/wp-json\/wp\/v2\/pages\/3717"}],"wp:attachment":[{"href":"https:\/\/exportpulse.com\/fr\/wp-json\/wp\/v2\/media?parent=3748"}],"curies":[{"name":"wp","href":"https:\/\/api.w.org\/{rel}","templated":true}]}}